{"id":25344,"date":"2025-12-14T03:12:22","date_gmt":"2025-12-14T03:12:22","guid":{"rendered":"https:\/\/jdrmoveis.com.br\/?post_type=product&#038;p=25344"},"modified":"2025-12-16T23:06:31","modified_gmt":"2025-12-16T23:06:31","slug":"kit-de-15-potes-hermeticos-de-vidro-a-vacuo-brinde-10-copos-vidro-aruba-2","status":"publish","type":"product","link":"https:\/\/jdrmoveis.com.br\/en\/product\/kit-de-15-potes-hermeticos-de-vidro-a-vacuo-brinde-10-copos-vidro-aruba-2\/","title":{"rendered":"Kit de 15 Potes Herm\u00e9ticos de Vidro a V\u00e1cuo + BRINDE: 10 Copos Vidro Aruba"},"content":{"rendered":"<p><img decoding=\"async\" src=\"https:\/\/cdn.shopify.com\/s\/files\/1\/0915\/3472\/1387\/files\/1_ad7ff0bc-f8b7-4a52-b6cd-cde6dfa62285.png?v=1760331390\" alt=\"\"><img decoding=\"async\" src=\"https:\/\/cdn.shopify.com\/s\/files\/1\/0915\/3472\/1387\/files\/3.png?v=1760331396\" alt=\"\"><img decoding=\"async\" src=\"https:\/\/cdn.shopify.com\/s\/files\/1\/0915\/3472\/1387\/files\/2_8433f197-1dbd-467c-b1b9-51730a7b2895.png?v=1760331397\" alt=\"\"><\/p>\n<h4 data-start=\"126\" data-end=\"157\" style=\"text-align: center;\"><strong data-start=\"130\" data-end=\"157\">ESPECIFICA\u00c7\u00d5ES T\u00c9CNICAS<\/strong><\/h4>\n<p data-start=\"159\" data-end=\"349\"><strong data-start=\"159\" data-end=\"172\">Material:<\/strong> Vidro de alta resist\u00eancia.<br data-start=\"199\" data-end=\"202\"><strong data-start=\"202\" data-end=\"212\">Tampa:<\/strong> Herm\u00e9tica com veda\u00e7\u00e3o de silicone.<br data-start=\"247\" data-end=\"250\"><strong data-start=\"250\" data-end=\"261\">Design:<\/strong> Transparente e elegante.<br data-start=\"286\" data-end=\"289\"><strong data-start=\"289\" data-end=\"297\">Uso:<\/strong> Conserva a frescura dos alimentos.<\/p>\n<h4 data-start=\"356\" data-end=\"386\" style=\"text-align: center;\"><strong data-start=\"360\" data-end=\"386\">O QUE VOC\u00ca VAI RECEBER<\/strong><\/h4>\n<p data-start=\"388\" data-end=\"448\"><strong>15x<\/strong> Potes Herm\u00e9ticos de Vidro.<br data-start=\"418\" data-end=\"421\"><strong>10x<\/strong> Copos de Vidro Aruba.<\/p>","protected":false},"excerpt":{"rendered":"<p>ESPECIFICA\u00c7\u00d5ES T\u00c9CNICAS Material: Vidro de alta resist\u00eancia.Tampa: Herm\u00e9tica com veda\u00e7\u00e3o de silicone.Design: Transparente e elegante.Uso: Conserva a frescura dos alimentos.<\/p>","protected":false},"featured_media":24717,"comment_status":"closed","ping_status":"closed","template":"","meta":[],"product_brand":[],"product_cat":[22],"product_tag":[],"class_list":{"0":"post-25344","1":"product","2":"type-product","3":"status-publish","4":"has-post-thumbnail","6":"product_cat-moveis","8":"first","9":"instock","10":"sale","11":"shipping-taxable","12":"purchasable","13":"product-type-variable"},"_links":{"self":[{"href":"https:\/\/jdrmoveis.com.br\/en\/wp-json\/wp\/v2\/product\/25344","targetHints":{"allow":["GET"]}}],"collection":[{"href":"https:\/\/jdrmoveis.com.br\/en\/wp-json\/wp\/v2\/product"}],"about":[{"href":"https:\/\/jdrmoveis.com.br\/en\/wp-json\/wp\/v2\/types\/product"}],"replies":[{"embeddable":true,"href":"https:\/\/jdrmoveis.com.br\/en\/wp-json\/wp\/v2\/comments?post=25344"}],"version-history":[{"count":1,"href":"https:\/\/jdrmoveis.com.br\/en\/wp-json\/wp\/v2\/product\/25344\/revisions"}],"predecessor-version":[{"id":25365,"href":"https:\/\/jdrmoveis.com.br\/en\/wp-json\/wp\/v2\/product\/25344\/revisions\/25365"}],"wp:featuredmedia":[{"embeddable":true,"href":"https:\/\/jdrmoveis.com.br\/en\/wp-json\/wp\/v2\/media\/24717"}],"wp:attachment":[{"href":"https:\/\/jdrmoveis.com.br\/en\/wp-json\/wp\/v2\/media?parent=25344"}],"wp:term":[{"taxonomy":"product_brand","embeddable":true,"href":"https:\/\/jdrmoveis.com.br\/en\/wp-json\/wp\/v2\/product_brand?post=25344"},{"taxonomy":"product_cat","embeddable":true,"href":"https:\/\/jdrmoveis.com.br\/en\/wp-json\/wp\/v2\/product_cat?post=25344"},{"taxonomy":"product_tag","embeddable":true,"href":"https:\/\/jdrmoveis.com.br\/en\/wp-json\/wp\/v2\/product_tag?post=25344"}],"curies":[{"name":"wp","href":"https:\/\/api.w.org\/{rel}","templated":true}]}}