{"id":25097,"date":"2025-12-13T19:28:36","date_gmt":"2025-12-13T19:28:36","guid":{"rendered":"https:\/\/jdrmoveis.com.br\/?post_type=product&#038;p=25097"},"modified":"2025-12-16T22:55:21","modified_gmt":"2025-12-16T22:55:21","slug":"leve-4-pague-2-varal-retratil-com-6-metros-de-abertura-brinde-exclusivo","status":"publish","type":"product","link":"https:\/\/jdrmoveis.com.br\/en\/product\/leve-4-pague-2-varal-retratil-com-6-metros-de-abertura-brinde-exclusivo\/","title":{"rendered":"[LEVE 4 PAGUE 2] Varal Retr\u00e1til com 6 Metros de Abertura + Brinde Exclusivo"},"content":{"rendered":"<p><img decoding=\"async\" src=\"https:\/\/cdn.shopify.com\/s\/files\/1\/0915\/3472\/1387\/files\/LP_CABIDE.png?v=1760416782\" alt=\"\"><\/p>\n<h3 data-start=\"106\" data-end=\"125\" style=\"text-align: center;\"><strong data-start=\"110\" data-end=\"125\">BENEF\u00cdCIOS:<\/strong><\/h3>\n<ul data-start=\"127\" data-end=\"233\">\n<li data-start=\"127\" data-end=\"161\">\n<p data-start=\"129\" data-end=\"161\">Resistente \u00e0s Intemp\u00e9ries.<\/p>\n<\/li>\n<li data-start=\"162\" data-end=\"195\">\n<p data-start=\"164\" data-end=\"195\">F\u00e1cil de Instalar e Usar.<\/p>\n<\/li>\n<li data-start=\"196\" data-end=\"233\">\n<p data-start=\"198\" data-end=\"233\">Ideal Para Espa\u00e7os Reduzidos.<\/p>\n<\/li>\n<\/ul>\n<p style=\"text-align: center;\"><strong>O QUE VOC\u00ca VAI RECEBER:<\/strong><\/p>\n<p style=\"text-align: left;\"><strong>4X <\/strong>Varal Retr\u00e1til 6 Metros.<\/p>\n<p style=\"text-align: left;\"><strong>1X <\/strong>Kit Com 20<strong> <\/strong>Cabides.<\/p>","protected":false},"excerpt":{"rendered":"<p>BENEF\u00cdCIOS: Resistente \u00e0s Intemp\u00e9ries. F\u00e1cil de Instalar e Usar. Ideal Para Espa\u00e7os Reduzidos. O QUE VOC\u00ca VAI RECEBER: 4X Varal<\/p>","protected":false},"featured_media":24690,"comment_status":"closed","ping_status":"closed","template":"","meta":[],"product_brand":[],"product_cat":[22],"product_tag":[],"class_list":{"0":"post-25097","1":"product","2":"type-product","3":"status-publish","4":"has-post-thumbnail","6":"product_cat-moveis","8":"first","9":"instock","10":"sale","11":"shipping-taxable","12":"purchasable","13":"product-type-variable"},"_links":{"self":[{"href":"https:\/\/jdrmoveis.com.br\/en\/wp-json\/wp\/v2\/product\/25097","targetHints":{"allow":["GET"]}}],"collection":[{"href":"https:\/\/jdrmoveis.com.br\/en\/wp-json\/wp\/v2\/product"}],"about":[{"href":"https:\/\/jdrmoveis.com.br\/en\/wp-json\/wp\/v2\/types\/product"}],"replies":[{"embeddable":true,"href":"https:\/\/jdrmoveis.com.br\/en\/wp-json\/wp\/v2\/comments?post=25097"}],"version-history":[{"count":1,"href":"https:\/\/jdrmoveis.com.br\/en\/wp-json\/wp\/v2\/product\/25097\/revisions"}],"predecessor-version":[{"id":25111,"href":"https:\/\/jdrmoveis.com.br\/en\/wp-json\/wp\/v2\/product\/25097\/revisions\/25111"}],"wp:featuredmedia":[{"embeddable":true,"href":"https:\/\/jdrmoveis.com.br\/en\/wp-json\/wp\/v2\/media\/24690"}],"wp:attachment":[{"href":"https:\/\/jdrmoveis.com.br\/en\/wp-json\/wp\/v2\/media?parent=25097"}],"wp:term":[{"taxonomy":"product_brand","embeddable":true,"href":"https:\/\/jdrmoveis.com.br\/en\/wp-json\/wp\/v2\/product_brand?post=25097"},{"taxonomy":"product_cat","embeddable":true,"href":"https:\/\/jdrmoveis.com.br\/en\/wp-json\/wp\/v2\/product_cat?post=25097"},{"taxonomy":"product_tag","embeddable":true,"href":"https:\/\/jdrmoveis.com.br\/en\/wp-json\/wp\/v2\/product_tag?post=25097"}],"curies":[{"name":"wp","href":"https:\/\/api.w.org\/{rel}","templated":true}]}}