{"id":25066,"date":"2025-12-13T19:28:02","date_gmt":"2025-12-13T19:28:02","guid":{"rendered":"https:\/\/jdrmoveis.com.br\/?post_type=product&#038;p=25066"},"modified":"2025-12-16T22:52:00","modified_gmt":"2025-12-16T22:52:00","slug":"kit-ganchos-heromix-ventosa-premium-de-alta-fixacao-organizacao-perfeita-sem-furos-brindes","status":"publish","type":"product","link":"https:\/\/jdrmoveis.com.br\/en\/product\/kit-ganchos-heromix-ventosa-premium-de-alta-fixacao-organizacao-perfeita-sem-furos-brindes\/","title":{"rendered":"Kit Ganchos HeroMix \u2013 Ventosa Premium de Alta Fixa\u00e7\u00e3o | Organiza\u00e7\u00e3o Perfeita Sem Furos + Brindes"},"content":{"rendered":"<h2 class=\"tw-data-text tw-text-large tw-ta\" data-placeholder=\"Tradu\u00e7\u00e3o\" data-ved=\"2ahUKEwijpvGwkdSOAxWgs5UCHV5eOhIQ3ewLegQICRAW\" dir=\"ltr\" aria-label=\"Texto traduzido: Ganchos est\u00e9ticos e pr\u00e1ticos\" style=\"text-align: center;\">NUNCA MAIS FURE AS PAREDERES!<\/h2>\n<p style=\"text-align: center;\"><span class=\"Y2IQFc\" lang=\"pt\" tabindex=\"-1\">O Heromix<\/span><span class=\"Y2IQFc\" lang=\"pt\" tabindex=\"-1\"><strong>\u2122<\/strong><span>\u00a0<\/span>foi criado para quem valoriza praticidade, eleg\u00e2ncia e funcionalidade no dia a dia. Com tecnologia de ventosa de alta ader\u00eancia, ele<span>\u00a0<\/span><strong>suporta at\u00e9 7 kg com total seguran\u00e7a,<span>\u00a0<\/span><\/strong>sem necessidade de furar a parede ou usar cola.<\/span><\/p>\n<p data-start=\"337\" data-end=\"581\"><img fetchpriority=\"high\" decoding=\"async\" src=\"https:\/\/cdn.shopify.com\/s\/files\/1\/0642\/2478\/8664\/files\/Design_sem_nome_1_68fb74ab-9e13-4789-856a-6be31ebf8300.gif?v=1753312939\" alt=\"\" width=\"479\" height=\"639\" style=\"display: block; margin-left: auto; margin-right: auto;\"><\/p>\n<p data-start=\"583\" data-end=\"745\" style=\"text-align: center;\">Ideal para banheiros, cozinhas, lavanderias e at\u00e9 \u00e1reas externas, ele fixa em superf\u00edcies lisas como<span>\u00a0<\/span><strong data-start=\"684\" data-end=\"744\">azulejo, vidro, espelho, inox, acr\u00edlico e madeira polida<\/strong>.<\/p>\n<h2 class=\"tw-data-text tw-text-large tw-ta\" data-placeholder=\"Tradu\u00e7\u00e3o\" id=\"tw-target-text\" data-ved=\"2ahUKEwijpvGwkdSOAxWgs5UCHV5eOhIQ3ewLegQICRAW\" dir=\"ltr\" aria-label=\"Texto traduzido: Tecnologia TWIST &amp; LOCK\" style=\"text-align: center;\"> <strong><span class=\"Y2IQFc\" lang=\"pt\" tabindex=\"-1\">Tecnologia TWIST &amp; LOCK (gire e trave).<\/span><\/strong><span class=\"Y2IQFc\" lang=\"pt\" tabindex=\"-1\"><\/span> <\/h2>\n<p data-start=\"583\" data-end=\"745\"><img decoding=\"async\" src=\"https:\/\/cdn.shopify.com\/s\/files\/1\/0642\/2478\/8664\/files\/02_flunosup.gif?v=1753316283\" alt=\"\"><\/p>\n<p class=\"tw-data-text tw-text-large tw-ta\" data-placeholder=\"Tradu\u00e7\u00e3o\" id=\"tw-target-text\" data-ved=\"2ahUKEwijpvGwkdSOAxWgs5UCHV5eOhIQ3ewLegQICRAW\" dir=\"ltr\" aria-label=\"Texto traduzido: Nossa tecnologia patenteada TWIST &amp; LOCK \u00e9 \u00fatil para um sistema de v\u00e1cuo protetor, que combina multicompress\u00e3o com maior pot\u00eancia. Cuida da sua sa\u00fade e bem-estar.\" style=\"text-align: center;\"><span class=\"Y2IQFc\" lang=\"pt\" tabindex=\"-1\">Nossa tecnologia patenteada TWIST &amp; LOCK \u00e9 \u00fatil para um sistema de v\u00e1cuo protetor, que combina multicompress\u00e3o com maior pot\u00eancia. Cuida da sua sa\u00fade e bem-estar.<\/span><\/p>\n<h2 data-start=\"583\" data-end=\"745\" style=\"text-align: center;\">\u00a0<strong data-start=\"146\" data-end=\"170\">INSTALA\u00c7\u00c3O SEM DANOS<\/strong> <\/h2>\n<p data-start=\"172\" data-end=\"532\"><img decoding=\"async\" src=\"https:\/\/cdn.shopify.com\/s\/files\/1\/0642\/2478\/8664\/files\/Texto_do_seu_paragrafo_1.gif?v=1753314971\" alt=\"\" style=\"display: block; margin-left: auto; margin-right: auto;\"><\/p>\n<h2 style=\"text-align: center;\" data-end=\"297\" data-start=\"212\"><strong>COMPATIVEL EM\u00a0 QUALQUER LUGAR<\/strong><\/h2>\n<p data-end=\"297\" data-start=\"212\" style=\"text-align: center;\">Fixe facilmente em superf\u00edcies lisas como<span>\u00a0<\/span>azulejos, vidro, espelhos, m\u00e1rmore, acr\u00edlico, metal, madeira polida e laminado. Sem parafusos. Sem pregos. Sem complica\u00e7\u00e3o.<\/p>\n<p data-end=\"297\" data-start=\"212\"><strong data-start=\"485\" data-end=\"532\"><img decoding=\"async\" src=\"https:\/\/cdn.shopify.com\/s\/files\/1\/0642\/2478\/8664\/files\/review_col.webp?v=1753316783\" alt=\"\"><\/strong><\/p>\n<h4 data-end=\"593\" data-start=\"564\" style=\"text-align: center;\"><strong data-end=\"593\" data-start=\"571\">ESPECIFICA\u00c7\u00d5ES:<\/strong><\/h4>\n<p>\u00a0<\/p>\n<ul data-end=\"1241\" data-start=\"594\">\n<li data-end=\"726\" data-start=\"671\">\n<p data-end=\"726\" data-start=\"673\"><strong data-end=\"686\" data-start=\"673\">Material:<\/strong> ABS Premium + Silicone de Alta Suc\u00e7\u00e3o.<\/p>\n<\/li>\n<li data-end=\"792\" data-start=\"727\">\n<p data-end=\"792\" data-start=\"729\"><strong data-end=\"752\" data-start=\"729\">Sistema de fixa\u00e7\u00e3o:<\/strong> Ventosa de Press\u00e3o.<\/p>\n<\/li>\n<li data-end=\"1132\" data-start=\"1065\">\n<p data-end=\"1132\" data-start=\"1067\"><strong data-end=\"1082\" data-start=\"1067\">Instala\u00e7\u00e3o:<\/strong> Sem Furadeira, 100% Reutiliz\u00e1vel.<\/p>\n<\/li>\n<li data-end=\"1178\" data-start=\"1133\">\n<p data-end=\"1178\" data-start=\"1135\"><strong data-end=\"1147\" data-start=\"1135\">Remo\u00e7\u00e3o:<\/strong> N\u00e3o Deixa Marcas ou Res\u00edduos.<\/p>\n<\/li>\n<\/ul>\n<h4 style=\"text-align: center;\"><strong>O QUE VOC\u00ca VAI RECEBER:<\/strong><\/h4>\n<p style=\"text-align: left;\"><strong>1X <\/strong>Kit Ganchos HeroMix.<\/p>","protected":false},"excerpt":{"rendered":"<p>NUNCA MAIS FURE AS PAREDERES! O Heromix\u2122\u00a0foi criado para quem valoriza praticidade, eleg\u00e2ncia e funcionalidade no dia a dia. Com<\/p>","protected":false},"featured_media":24666,"comment_status":"closed","ping_status":"closed","template":"","meta":[],"product_brand":[],"product_cat":[22],"product_tag":[],"class_list":{"0":"post-25066","1":"product","2":"type-product","3":"status-publish","4":"has-post-thumbnail","6":"product_cat-moveis","8":"first","9":"instock","10":"sale","11":"shipping-taxable","12":"purchasable","13":"product-type-variable"},"_links":{"self":[{"href":"https:\/\/jdrmoveis.com.br\/en\/wp-json\/wp\/v2\/product\/25066","targetHints":{"allow":["GET"]}}],"collection":[{"href":"https:\/\/jdrmoveis.com.br\/en\/wp-json\/wp\/v2\/product"}],"about":[{"href":"https:\/\/jdrmoveis.com.br\/en\/wp-json\/wp\/v2\/types\/product"}],"replies":[{"embeddable":true,"href":"https:\/\/jdrmoveis.com.br\/en\/wp-json\/wp\/v2\/comments?post=25066"}],"version-history":[{"count":1,"href":"https:\/\/jdrmoveis.com.br\/en\/wp-json\/wp\/v2\/product\/25066\/revisions"}],"predecessor-version":[{"id":25109,"href":"https:\/\/jdrmoveis.com.br\/en\/wp-json\/wp\/v2\/product\/25066\/revisions\/25109"}],"wp:featuredmedia":[{"embeddable":true,"href":"https:\/\/jdrmoveis.com.br\/en\/wp-json\/wp\/v2\/media\/24666"}],"wp:attachment":[{"href":"https:\/\/jdrmoveis.com.br\/en\/wp-json\/wp\/v2\/media?parent=25066"}],"wp:term":[{"taxonomy":"product_brand","embeddable":true,"href":"https:\/\/jdrmoveis.com.br\/en\/wp-json\/wp\/v2\/product_brand?post=25066"},{"taxonomy":"product_cat","embeddable":true,"href":"https:\/\/jdrmoveis.com.br\/en\/wp-json\/wp\/v2\/product_cat?post=25066"},{"taxonomy":"product_tag","embeddable":true,"href":"https:\/\/jdrmoveis.com.br\/en\/wp-json\/wp\/v2\/product_tag?post=25066"}],"curies":[{"name":"wp","href":"https:\/\/api.w.org\/{rel}","templated":true}]}}