{"id":25059,"date":"2025-12-13T19:28:02","date_gmt":"2025-12-13T19:28:02","guid":{"rendered":"https:\/\/jdrmoveis.com.br\/?post_type=product&#038;p=25059"},"modified":"2025-12-16T22:52:29","modified_gmt":"2025-12-16T22:52:29","slug":"leve-2-pague-1-lixadeira-politron-profissional-3-em-1-sem-fio-brinde-bolsa-de-ferramentas-multitarefas","status":"publish","type":"product","link":"https:\/\/jdrmoveis.com.br\/en\/product\/leve-2-pague-1-lixadeira-politron-profissional-3-em-1-sem-fio-brinde-bolsa-de-ferramentas-multitarefas\/","title":{"rendered":"[LEVE 2 PAGUE 1] Lixadeira Politron Profissional 3 em 1 Sem Fio + BRINDE: Bolsa de Ferramentas Multitarefas"},"content":{"rendered":"<p data-pm-slice=\"1 1 []\" style=\"text-align: center;\"><strong><img decoding=\"async\" alt=\"\" src=\"https:\/\/cdn.shopify.com\/s\/files\/1\/0915\/3472\/1387\/files\/Politron_3_em_1.png?v=1760755542\"><\/strong><\/p>\n<h4 style=\"text-align: center;\"><strong>INFORMA\u00c7\u00d5ES T\u00c9CNICAS:<\/strong><\/h4>\n<p>\u00a0<\/p>\n<p><strong>*<\/strong> Recarreg\u00e1vel \/ Bivolt.<\/p>\n<p><strong>*<\/strong> Motor Potente 380w.<\/p>\n<p><strong>*<\/strong> At\u00e9 1000 Rota\u00e7\u00f5es\u00a0 P\/Segundo.<\/p>\n<p>\u00a0<\/p>\n<h4 style=\"text-align: center;\"><strong>O QUE VOC\u00ca VAI RECEBER:<\/strong><\/h4>\n<p><strong>2X<\/strong> Lixadeira Politron Profissional 3 em 1.<\/p>\n<p><strong>2X<\/strong> Baterias 12v.<\/p>\n<p><strong>1X<\/strong> Carregador Bivolt.<\/p>\n<p><strong>1X<\/strong> Bolsa de Ferramentas Multitarefas.<\/p>\n<p>\u00a0<\/p>","protected":false},"excerpt":{"rendered":"<p>INFORMA\u00c7\u00d5ES T\u00c9CNICAS: \u00a0 * Recarreg\u00e1vel \/ Bivolt. * Motor Potente 380w. * At\u00e9 1000 Rota\u00e7\u00f5es\u00a0 P\/Segundo. \u00a0 O QUE VOC\u00ca<\/p>","protected":false},"featured_media":24629,"comment_status":"closed","ping_status":"closed","template":"","meta":[],"product_brand":[],"product_cat":[22],"product_tag":[],"class_list":{"0":"post-25059","1":"product","2":"type-product","3":"status-publish","4":"has-post-thumbnail","6":"product_cat-moveis","8":"first","9":"instock","10":"sale","11":"shipping-taxable","12":"purchasable","13":"product-type-simple"},"_links":{"self":[{"href":"https:\/\/jdrmoveis.com.br\/en\/wp-json\/wp\/v2\/product\/25059","targetHints":{"allow":["GET"]}}],"collection":[{"href":"https:\/\/jdrmoveis.com.br\/en\/wp-json\/wp\/v2\/product"}],"about":[{"href":"https:\/\/jdrmoveis.com.br\/en\/wp-json\/wp\/v2\/types\/product"}],"replies":[{"embeddable":true,"href":"https:\/\/jdrmoveis.com.br\/en\/wp-json\/wp\/v2\/comments?post=25059"}],"version-history":[{"count":1,"href":"https:\/\/jdrmoveis.com.br\/en\/wp-json\/wp\/v2\/product\/25059\/revisions"}],"predecessor-version":[{"id":25084,"href":"https:\/\/jdrmoveis.com.br\/en\/wp-json\/wp\/v2\/product\/25059\/revisions\/25084"}],"wp:featuredmedia":[{"embeddable":true,"href":"https:\/\/jdrmoveis.com.br\/en\/wp-json\/wp\/v2\/media\/24629"}],"wp:attachment":[{"href":"https:\/\/jdrmoveis.com.br\/en\/wp-json\/wp\/v2\/media?parent=25059"}],"wp:term":[{"taxonomy":"product_brand","embeddable":true,"href":"https:\/\/jdrmoveis.com.br\/en\/wp-json\/wp\/v2\/product_brand?post=25059"},{"taxonomy":"product_cat","embeddable":true,"href":"https:\/\/jdrmoveis.com.br\/en\/wp-json\/wp\/v2\/product_cat?post=25059"},{"taxonomy":"product_tag","embeddable":true,"href":"https:\/\/jdrmoveis.com.br\/en\/wp-json\/wp\/v2\/product_tag?post=25059"}],"curies":[{"name":"wp","href":"https:\/\/api.w.org\/{rel}","templated":true}]}}