{"id":25058,"date":"2025-12-13T19:28:02","date_gmt":"2025-12-13T19:28:02","guid":{"rendered":"https:\/\/jdrmoveis.com.br\/?post_type=product&#038;p=25058"},"modified":"2025-12-16T22:52:43","modified_gmt":"2025-12-16T22:52:43","slug":"leve-2-pague-1-escada-carbon-profissional-pes-100-antiderrapante-brinde-bolsa-de-ferramentas","status":"publish","type":"product","link":"https:\/\/jdrmoveis.com.br\/en\/product\/leve-2-pague-1-escada-carbon-profissional-pes-100-antiderrapante-brinde-bolsa-de-ferramentas\/","title":{"rendered":"[LEVE 2 PAGUE 1] Escada Carbon Profissional, P\u00e9s 100% Antiderrapante + BRINDE: Bolsa de Ferramentas"},"content":{"rendered":"<h4 data-start=\"2626\" data-end=\"2652\" style=\"text-align: center;\"><img decoding=\"async\" src=\"https:\/\/cdn.shopify.com\/s\/files\/1\/0915\/3472\/1387\/files\/Landing_Escada_bc04bedf-3595-4386-8c21-0c25d3ab1946.png?v=1760825239\" alt=\"\"><\/h4>\n<h4 data-start=\"2626\" data-end=\"2652\" style=\"text-align: center;\">INFORMA\u00c7\u00d5ES T\u00c9CNICAS<\/h4>\n<ul data-start=\"2654\" data-end=\"2866\">\n<li data-start=\"2654\" data-end=\"2694\">\n<p data-start=\"2656\" data-end=\"2694\">Material: Fibra de Carbono.<\/p>\n<\/li>\n<li data-start=\"2725\" data-end=\"2741\">\n<p data-start=\"2727\" data-end=\"2741\">Peso: 6,5 Kg.<\/p>\n<\/li>\n<li data-start=\"2742\" data-end=\"2768\">\n<p data-start=\"2744\" data-end=\"2768\">Capacidade: At\u00e9 750 Kg.<\/p>\n<\/li>\n<li data-start=\"2798\" data-end=\"2833\">\n<p data-start=\"2800\" data-end=\"2833\">Travas Autom\u00e1ticas Inteligentes.<\/p>\n<\/li>\n<\/ul>\n<p data-start=\"2868\" data-end=\"2869\"><\/p>\n<h4 data-start=\"2877\" data-end=\"2905\" style=\"text-align: center;\">O QUE VOC\u00ca VAI RECEBER<\/h4>\n<p data-start=\"2907\" data-end=\"3012\"><strong>2X <\/strong>Escada Carbon Profissional.<br data-start=\"2952\" data-end=\"2955\"><strong>1X<\/strong> Bolsa de Ferramentas.<\/p>","protected":false},"excerpt":{"rendered":"<p>INFORMA\u00c7\u00d5ES T\u00c9CNICAS Material: Fibra de Carbono. Peso: 6,5 Kg. Capacidade: At\u00e9 750 Kg. Travas Autom\u00e1ticas Inteligentes. O QUE VOC\u00ca VAI<\/p>","protected":false},"featured_media":24622,"comment_status":"closed","ping_status":"closed","template":"","meta":[],"product_brand":[],"product_cat":[22],"product_tag":[],"class_list":{"0":"post-25058","1":"product","2":"type-product","3":"status-publish","4":"has-post-thumbnail","6":"product_cat-moveis","8":"first","9":"instock","10":"sale","11":"shipping-taxable","12":"purchasable","13":"product-type-simple"},"_links":{"self":[{"href":"https:\/\/jdrmoveis.com.br\/en\/wp-json\/wp\/v2\/product\/25058","targetHints":{"allow":["GET"]}}],"collection":[{"href":"https:\/\/jdrmoveis.com.br\/en\/wp-json\/wp\/v2\/product"}],"about":[{"href":"https:\/\/jdrmoveis.com.br\/en\/wp-json\/wp\/v2\/types\/product"}],"replies":[{"embeddable":true,"href":"https:\/\/jdrmoveis.com.br\/en\/wp-json\/wp\/v2\/comments?post=25058"}],"version-history":[{"count":1,"href":"https:\/\/jdrmoveis.com.br\/en\/wp-json\/wp\/v2\/product\/25058\/revisions"}],"predecessor-version":[{"id":25078,"href":"https:\/\/jdrmoveis.com.br\/en\/wp-json\/wp\/v2\/product\/25058\/revisions\/25078"}],"wp:featuredmedia":[{"embeddable":true,"href":"https:\/\/jdrmoveis.com.br\/en\/wp-json\/wp\/v2\/media\/24622"}],"wp:attachment":[{"href":"https:\/\/jdrmoveis.com.br\/en\/wp-json\/wp\/v2\/media?parent=25058"}],"wp:term":[{"taxonomy":"product_brand","embeddable":true,"href":"https:\/\/jdrmoveis.com.br\/en\/wp-json\/wp\/v2\/product_brand?post=25058"},{"taxonomy":"product_cat","embeddable":true,"href":"https:\/\/jdrmoveis.com.br\/en\/wp-json\/wp\/v2\/product_cat?post=25058"},{"taxonomy":"product_tag","embeddable":true,"href":"https:\/\/jdrmoveis.com.br\/en\/wp-json\/wp\/v2\/product_tag?post=25058"}],"curies":[{"name":"wp","href":"https:\/\/api.w.org\/{rel}","templated":true}]}}