{"id":25023,"date":"2025-12-13T19:27:55","date_gmt":"2025-12-13T19:27:55","guid":{"rendered":"https:\/\/jdrmoveis.com.br\/?post_type=product&#038;p=25023"},"modified":"2025-12-16T22:47:57","modified_gmt":"2025-12-16T22:47:57","slug":"leve-2-pague-1-lunna-comfort-sapato-de-camurca-com-palmilha-anatomica-brinde-mochila","status":"publish","type":"product","link":"https:\/\/jdrmoveis.com.br\/en\/product\/leve-2-pague-1-lunna-comfort-sapato-de-camurca-com-palmilha-anatomica-brinde-mochila\/","title":{"rendered":"[LEVE 2 PAGUE 1] Lunna Comfort &#8211; Sapato de Camur\u00e7a com Palmilha Anat\u00f4mica + Brinde Mochila"},"content":{"rendered":"<p style=\"text-align: center;\"><strong><img decoding=\"async\" src=\"https:\/\/cdn.shopify.com\/s\/files\/1\/0915\/3472\/1387\/files\/Landing_Lunna_Comfort.png?v=1760825202\" alt=\"\"><\/strong><\/p>\n<h3 data-start=\"376\" data-end=\"409\" style=\"text-align: center;\"><strong data-start=\"382\" data-end=\"409\">ESPECIFICA\u00c7\u00d5ES T\u00c9CNICAS<\/strong><\/h3>\n<ul data-start=\"411\" data-end=\"1014\">\n<li data-start=\"411\" data-end=\"485\">\n<p data-start=\"413\" data-end=\"485\"><strong data-start=\"413\" data-end=\"434\">Material:<\/strong> Camur\u00e7a Premium.<\/p>\n<\/li>\n<li data-start=\"610\" data-end=\"659\">\n<p data-start=\"612\" data-end=\"659\"><strong data-start=\"612\" data-end=\"623\">Solado:<\/strong> Antiderrapante, Leve e Silencioso.<\/p>\n<\/li>\n<li data-start=\"715\" data-end=\"757\">\n<p data-start=\"717\" data-end=\"757\"><strong data-start=\"717\" data-end=\"728\">Estilo:<\/strong> Casual \/ Conforto \/ Di\u00e1rio.<\/p>\n<\/li>\n<li data-start=\"758\" data-end=\"803\">\n<p data-start=\"760\" data-end=\"803\"><strong data-start=\"760\" data-end=\"780\">Altura do Salto:<\/strong> Aproximadamente 3 Cm.<\/p>\n<\/li>\n<\/ul>\n<h3 data-start=\"1910\" data-end=\"1942\" style=\"text-align: center;\"><strong data-start=\"1916\" data-end=\"1942\">O QUE VOC\u00ca VAI RECEBER<\/strong><\/h3>\n<p data-start=\"1944\" data-end=\"2078\"><strong>2X<\/strong>\u00a0Pares de Sapatos Lunna Comfort.<br data-start=\"1989\" data-end=\"1992\"><strong>1X <\/strong>Mochila Multifuncional.<br data-start=\"2044\" data-end=\"2047\"><\/p>","protected":false},"excerpt":{"rendered":"<p>ESPECIFICA\u00c7\u00d5ES T\u00c9CNICAS Material: Camur\u00e7a Premium. Solado: Antiderrapante, Leve e Silencioso. Estilo: Casual \/ Conforto \/ Di\u00e1rio. Altura do Salto: Aproximadamente<\/p>","protected":false},"featured_media":24586,"comment_status":"closed","ping_status":"closed","template":"","meta":[],"product_brand":[],"product_cat":[22],"product_tag":[],"class_list":{"0":"post-25023","1":"product","2":"type-product","3":"status-publish","4":"has-post-thumbnail","6":"product_cat-moveis","8":"first","9":"instock","10":"sale","11":"shipping-taxable","12":"purchasable","13":"product-type-variable"},"_links":{"self":[{"href":"https:\/\/jdrmoveis.com.br\/en\/wp-json\/wp\/v2\/product\/25023","targetHints":{"allow":["GET"]}}],"collection":[{"href":"https:\/\/jdrmoveis.com.br\/en\/wp-json\/wp\/v2\/product"}],"about":[{"href":"https:\/\/jdrmoveis.com.br\/en\/wp-json\/wp\/v2\/types\/product"}],"replies":[{"embeddable":true,"href":"https:\/\/jdrmoveis.com.br\/en\/wp-json\/wp\/v2\/comments?post=25023"}],"version-history":[{"count":1,"href":"https:\/\/jdrmoveis.com.br\/en\/wp-json\/wp\/v2\/product\/25023\/revisions"}],"predecessor-version":[{"id":25045,"href":"https:\/\/jdrmoveis.com.br\/en\/wp-json\/wp\/v2\/product\/25023\/revisions\/25045"}],"wp:featuredmedia":[{"embeddable":true,"href":"https:\/\/jdrmoveis.com.br\/en\/wp-json\/wp\/v2\/media\/24586"}],"wp:attachment":[{"href":"https:\/\/jdrmoveis.com.br\/en\/wp-json\/wp\/v2\/media?parent=25023"}],"wp:term":[{"taxonomy":"product_brand","embeddable":true,"href":"https:\/\/jdrmoveis.com.br\/en\/wp-json\/wp\/v2\/product_brand?post=25023"},{"taxonomy":"product_cat","embeddable":true,"href":"https:\/\/jdrmoveis.com.br\/en\/wp-json\/wp\/v2\/product_cat?post=25023"},{"taxonomy":"product_tag","embeddable":true,"href":"https:\/\/jdrmoveis.com.br\/en\/wp-json\/wp\/v2\/product_tag?post=25023"}],"curies":[{"name":"wp","href":"https:\/\/api.w.org\/{rel}","templated":true}]}}