{"id":24947,"date":"2025-12-04T00:09:10","date_gmt":"2025-12-04T00:09:10","guid":{"rendered":"https:\/\/jdrmoveis.com.br\/?post_type=product&#038;p=24947"},"modified":"2025-12-16T22:40:33","modified_gmt":"2025-12-16T22:40:33","slug":"parafusadeira-furadeira-48v-2-baterias-com-maleta-e-acessorios-completo-blackfriday","status":"publish","type":"product","link":"https:\/\/jdrmoveis.com.br\/en\/product\/parafusadeira-furadeira-48v-2-baterias-com-maleta-e-acessorios-completo-blackfriday\/","title":{"rendered":"Parafusadeira Furadeira 48V 2 Baterias Com Maleta e Acess\u00f3rios Completo"},"content":{"rendered":"<blockquote>\n<div class=\"text-[14px] text-base-default font-[400] leading-[22px] my-[8px]\" style=\"text-align: center;\"><strong>FURADEIRA PARAFUSADEIRA DE IMPACTO SEM FIO A BATERIA 48V MALETA E ACESS\u00d3RIOS<\/strong><\/div>\n<div class=\"text-[14px] text-base-default font-[400] leading-[22px] my-[8px]\" style=\"text-align: center;\"><strong><img decoding=\"async\" src=\"https:\/\/img.kwcdn.com\/local-image\/s132\/20add7001e\/d44161d8-25d0-4a29-9569-b1069bc553c1_1200x1200.jpeg.format.jpg?imageView2\/2\/w\/800\/q\/70\/format\/avif\" \/><\/strong><\/div>\n<div class=\"ant-image css-llqcl3\" style=\"text-align: center;\"><\/div>\n<div class=\"text-[14px] text-base-default font-[400] leading-[22px] my-[8px]\" style=\"text-align: center;\"><\/div>\n<div class=\"text-[14px] text-base-default font-[400] leading-[22px] my-[8px]\" style=\"text-align: center;\"><strong>A furadeira a bateria de 48V \u00e9 uma ferramenta poderosa e vers\u00e1til projetada para atender \u00e0s necessidades de perfura\u00e7\u00e3o em diversos materiais.<\/strong><\/div>\n<div class=\"text-[14px] text-base-default font-[400] leading-[22px] my-[8px]\" style=\"text-align: center;\"><\/div>\n<div class=\"text-[14px] text-base-default font-[400] leading-[22px] my-[8px]\" style=\"text-align: center;\"><strong>Com um design ergon\u00f4mico e compacto, proporciona conforto durante o uso prolongado e facilita o manuseio em espa\u00e7os restritos.<\/strong><\/div>\n<div class=\"text-[14px] text-base-default font-[400] leading-[22px] my-[8px]\" style=\"text-align: center;\"><\/div>\n<div class=\"ant-image css-llqcl3\" style=\"text-align: center;\"><strong><img decoding=\"async\" class=\"ant-image-img w-full css-llqcl3\" src=\"https:\/\/p16-oec-sg.ibyteimg.com\/tos-alisg-i-aphluv4xwc-sg\/49bf1d8adf474296b2e3e2ad1f1ba498~tplv-aphluv4xwc-resize-jpeg:800:800.jpeg?dr=15584&amp;t=555f072d&amp;ps=933b5bde&amp;shp=6ce186a1&amp;shcp=e1be8f53&amp;idc=my2&amp;from=1826719393\" \/><\/strong><\/div>\n<div class=\"text-[14px] text-base-default font-[400] leading-[22px] my-[8px]\" style=\"text-align: center;\"><\/div>\n<div class=\"ant-image css-llqcl3\" style=\"text-align: center;\"><\/div>\n<div class=\"ant-image css-llqcl3\" style=\"text-align: center;\"><strong><img decoding=\"async\" src=\"https:\/\/img.kwcdn.com\/local-image\/s132\/20add7001e\/f850ae5a-e286-4810-abe4-ef30d1db7bd9_1200x1200.jpeg.format.jpg?imageView2\/2\/w\/800\/q\/70\/format\/avif\" \/><\/strong><\/div>\n<div class=\"ant-image css-llqcl3\" style=\"text-align: center;\"><strong><img decoding=\"async\" class=\"ant-image-img w-full css-llqcl3\" src=\"https:\/\/p16-oec-sg.ibyteimg.com\/tos-alisg-i-aphluv4xwc-sg\/a77842fdd3ba4535a89f68ddfecd68d6~tplv-aphluv4xwc-resize-jpeg:800:800.jpeg?dr=15584&amp;t=555f072d&amp;ps=933b5bde&amp;shp=6ce186a1&amp;shcp=e1be8f53&amp;idc=my2&amp;from=1826719393\" \/><\/strong><\/div>\n<div class=\"ant-image css-llqcl3\" style=\"text-align: center;\"><strong><img decoding=\"async\" class=\"ant-image-img w-full css-llqcl3\" src=\"https:\/\/p16-oec-sg.ibyteimg.com\/tos-alisg-i-aphluv4xwc-sg\/dc132eef791149399f851137da3819c9~tplv-aphluv4xwc-resize-jpeg:800:800.jpeg?dr=15584&amp;t=555f072d&amp;ps=933b5bde&amp;shp=6ce186a1&amp;shcp=e1be8f53&amp;idc=my2&amp;from=1826719393\" \/><\/strong><\/div>\n<div><strong><img decoding=\"async\" src=\"https:\/\/img.kwcdn.com\/local-image\/s132\/20add7001e\/efb7066c-bc89-485c-86fb-32f4220bb57f_1200x1200.jpeg.format.jpg?imageView2\/2\/w\/800\/q\/70\/format\/avif\" \/><\/strong><\/div>\n<\/blockquote>\n<div class=\"ant-image css-llqcl3\">\n<blockquote>\n<div class=\"text-[14px] text-base-default font-[400] leading-[22px] my-[8px]\" style=\"text-align: center;\"><\/div>\n<div class=\"text-[14px] text-base-default font-[400] leading-[22px] my-[8px]\" style=\"text-align: center;\"><strong>VANTAGENS:<\/strong><\/div>\n<div class=\"text-[14px] text-base-default font-[400] leading-[22px] my-[8px]\" style=\"text-align: center;\"><\/div>\n<div class=\"text-[14px] text-base-default font-[400] leading-[22px] my-[8px]\" style=\"text-align: center;\"><strong>&#8211; Facilidade de uso.<\/strong><\/div>\n<div class=\"text-[14px] text-base-default font-[400] leading-[22px] my-[8px]\" style=\"text-align: center;\"><\/div>\n<div class=\"text-[14px] text-base-default font-[400] leading-[22px] my-[8px]\" style=\"text-align: center;\"><strong>&#8211; Versatilidade.<\/strong><\/div>\n<div class=\"text-[14px] text-base-default font-[400] leading-[22px] my-[8px]\" style=\"text-align: center;\"><\/div>\n<div class=\"text-[14px] text-base-default font-[400] leading-[22px] my-[8px]\" style=\"text-align: center;\"><strong>&#8211; Durabilidade.<\/strong><\/div>\n<div class=\"text-[14px] text-base-default font-[400] leading-[22px] my-[8px]\" style=\"text-align: center;\"><\/div>\n<div class=\"text-[14px] text-base-default font-[400] leading-[22px] my-[8px]\" style=\"text-align: center;\"><strong>&#8211; Efici\u00eancia.<\/strong><\/div>\n<div class=\"text-[14px] text-base-default font-[400] leading-[22px] my-[8px]\" style=\"text-align: center;\"><\/div>\n<div class=\"text-[14px] text-base-default font-[400] leading-[22px] my-[8px]\" style=\"text-align: center;\"><strong>APLICA\u00c7\u00d5ES:<\/strong><\/div>\n<div class=\"text-[14px] text-base-default font-[400] leading-[22px] my-[8px]\" style=\"text-align: center;\"><\/div>\n<div class=\"text-[14px] text-base-default font-[400] leading-[22px] my-[8px]\" style=\"text-align: center;\"><strong>&#8211; Ideal para perfura\u00e7\u00e3o em diversos materiais, como metal, madeira e pl\u00e1stico.<\/strong><\/div>\n<div class=\"text-[14px] text-base-default font-[400] leading-[22px] my-[8px]\" style=\"text-align: center;\"><\/div>\n<div class=\"text-[14px] text-base-default font-[400] leading-[22px] my-[8px]\" style=\"text-align: center;\"><strong>&#8211; Profissionais da constru\u00e7\u00e3o, marcenaria, bricolagem e uso dom\u00e9stico.<\/strong><\/div>\n<div class=\"text-[14px] text-base-default font-[400] leading-[22px] my-[8px]\" style=\"text-align: center;\"><\/div>\n<div class=\"text-[14px] text-base-default font-[400] leading-[22px] my-[8px]\" style=\"text-align: center;\"><strong>ITENS INCLUSOS (FURADEIRA\/PARAFUSADEIRA 48V):<\/strong><\/div>\n<div class=\"text-[14px] text-base-default font-[400] leading-[22px] my-[8px]\" style=\"text-align: center;\"><\/div>\n<div class=\"text-[14px] text-base-default font-[400] leading-[22px] my-[8px]\" style=\"text-align: center;\"><strong>&#8211; 01 Parafusadeira Furadeira 48V<\/strong><\/div>\n<div class=\"text-[14px] text-base-default font-[400] leading-[22px] my-[8px]\" style=\"text-align: center;\"><\/div>\n<div class=\"text-[14px] text-base-default font-[400] leading-[22px] my-[8px]\" style=\"text-align: center;\"><strong>&#8211; 01 Conector de broca de parafusadeira.<\/strong><\/div>\n<div class=\"text-[14px] text-base-default font-[400] leading-[22px] my-[8px]\" style=\"text-align: center;\"><\/div>\n<div class=\"text-[14px] text-base-default font-[400] leading-[22px] my-[8px]\" style=\"text-align: center;\"><strong>&#8211; 01 Extensor Flex\u00edvel.<\/strong><\/div>\n<div class=\"text-[14px] text-base-default font-[400] leading-[22px] my-[8px]\" style=\"text-align: center;\"><\/div>\n<div class=\"text-[14px] text-base-default font-[400] leading-[22px] my-[8px]\" style=\"text-align: center;\"><strong>&#8211; 01 Carregador Bivolt.<\/strong><\/div>\n<div class=\"text-[14px] text-base-default font-[400] leading-[22px] my-[8px]\" style=\"text-align: center;\"><\/div>\n<div class=\"text-[14px] text-base-default font-[400] leading-[22px] my-[8px]\" style=\"text-align: center;\"><strong>&#8211; 01 Conector de Bits.<\/strong><\/div>\n<div class=\"text-[14px] text-base-default font-[400] leading-[22px] my-[8px]\" style=\"text-align: center;\"><\/div>\n<div class=\"text-[14px] text-base-default font-[400] leading-[22px] my-[8px]\" style=\"text-align: center;\"><strong>&#8211; 06 Bits de parafuso.<\/strong><\/div>\n<div class=\"text-[14px] text-base-default font-[400] leading-[22px] my-[8px]\" style=\"text-align: center;\"><\/div>\n<div class=\"text-[14px] text-base-default font-[400] leading-[22px] my-[8px]\" style=\"text-align: center;\"><strong>&#8211; 09 Soquetes.<\/strong><\/div>\n<div class=\"text-[14px] text-base-default font-[400] leading-[22px] my-[8px]\" style=\"text-align: center;\"><\/div>\n<div class=\"text-[14px] text-base-default font-[400] leading-[22px] my-[8px]\" style=\"text-align: center;\"><strong>&#8211; 02 Baterias. (BATERIAS EM FORMATO ACHATADO).<\/strong><\/div>\n<div class=\"text-[14px] text-base-default font-[400] leading-[22px] my-[8px]\" style=\"text-align: center;\"><\/div>\n<div class=\"text-[14px] text-base-default font-[400] leading-[22px] my-[8px]\" style=\"text-align: center;\"><strong>&#8211; 06 Brocas.<\/strong><\/div>\n<div class=\"text-[14px] text-base-default font-[400] leading-[22px] my-[8px]\" style=\"text-align: center;\"><\/div>\n<div class=\"text-[14px] text-base-default font-[400] leading-[22px] my-[8px]\" style=\"text-align: center;\"><strong>&#8211; 01 Maleta.<\/strong><\/div>\n<div class=\"text-[14px] text-base-default font-[400] leading-[22px] my-[8px]\" style=\"text-align: center;\"><\/div>\n<div class=\"text-[14px] text-base-default font-[400] leading-[22px] my-[8px]\" style=\"text-align: center;\"><strong>FICHA T\u00c9CNICA:<\/strong><\/div>\n<div class=\"text-[14px] text-base-default font-[400] leading-[22px] my-[8px]\" style=\"text-align: center;\"><\/div>\n<div class=\"text-[14px] text-base-default font-[400] leading-[22px] my-[8px]\" style=\"text-align: center;\"><strong>&#8211; Di\u00e2metro do mandril 3\/8\u201d 10mm (aperto r\u00e1pido).<\/strong><\/div>\n<div class=\"text-[14px] text-base-default font-[400] leading-[22px] my-[8px]\" style=\"text-align: center;\"><\/div>\n<div class=\"text-[14px] text-base-default font-[400] leading-[22px] my-[8px]\" style=\"text-align: center;\"><strong>&#8211; Rota\u00e7\u00e3o sem carga : 0-400\/0-1400 RPM.<\/strong><\/div>\n<div class=\"text-[14px] text-base-default font-[400] leading-[22px] my-[8px]\" style=\"text-align: center;\"><\/div>\n<div class=\"text-[14px] text-base-default font-[400] leading-[22px] my-[8px]\" style=\"text-align: center;\"><strong>&#8211; Velocidade vari\u00e1vel e revers\u00edvel .<\/strong><\/div>\n<div class=\"text-[14px] text-base-default font-[400] leading-[22px] my-[8px]\" style=\"text-align: center;\"><\/div>\n<div class=\"text-[14px] text-base-default font-[400] leading-[22px] my-[8px]\" style=\"text-align: center;\"><strong>&#8211; Indicador de carga de bateria .<\/strong><\/div>\n<div class=\"text-[14px] text-base-default font-[400] leading-[22px] my-[8px]\" style=\"text-align: center;\"><\/div>\n<div class=\"text-[14px] text-base-default font-[400] leading-[22px] my-[8px]\" style=\"text-align: center;\"><strong>&#8211; Empunhadura Soft Grip.<\/strong><\/div>\n<div class=\"text-[14px] text-base-default font-[400] leading-[22px] my-[8px]\" style=\"text-align: center;\"><\/div>\n<div class=\"text-[14px] text-base-default font-[400] leading-[22px] my-[8px]\" style=\"text-align: center;\"><strong>&#8211; Op\u00e7\u00e3o de torque 17 + 1.<\/strong><\/div>\n<div class=\"text-[14px] text-base-default font-[400] leading-[22px] my-[8px]\" style=\"text-align: center;\"><\/div>\n<div class=\"text-[14px] text-base-default font-[400] leading-[22px] my-[8px]\" style=\"text-align: center;\"><strong>&#8211; Bateria de 1.300 mah.<\/strong><\/div>\n<div class=\"text-[14px] text-base-default font-[400] leading-[22px] my-[8px]\" style=\"text-align: center;\"><\/div>\n<div class=\"text-[14px] text-base-default font-[400] leading-[22px] my-[8px]\" style=\"text-align: center;\"><strong>&#8211; Torque Max 32.N.M.<\/strong><\/div>\n<div class=\"text-[14px] text-base-default font-[400] leading-[22px] my-[8px]\" style=\"text-align: center;\"><\/div>\n<div class=\"text-[14px] text-base-default font-[400] leading-[22px] my-[8px]\" style=\"text-align: center;\"><strong>&#8211; Voltagem: Bivolt<\/strong><\/div>\n<div class=\"text-[14px] text-base-default font-[400] leading-[22px] my-[8px]\" style=\"text-align: center;\"><\/div>\n<div class=\"text-[14px] text-base-default font-[400] leading-[22px] my-[8px]\" style=\"text-align: center;\"><strong>&#8211; Bateria Extra.<\/strong><\/div>\n<div class=\"text-[14px] text-base-default font-[400] leading-[22px] my-[8px]\" style=\"text-align: center;\"><\/div>\n<div class=\"text-[14px] text-base-default font-[400] leading-[22px] my-[8px]\" style=\"text-align: center;\"><strong>Peso: 1.250 Kg<\/strong><\/div>\n<div class=\"text-[14px] text-base-default font-[400] leading-[22px] my-[8px]\" style=\"text-align: center;\"><\/div>\n<div class=\"text-[14px] text-base-default font-[400] leading-[22px] my-[8px]\" style=\"text-align: center;\"><strong>Dimens\u00f5es Furadeira (CxLxA): 20 x 7 x 18 cm<\/strong><\/div>\n<div class=\"text-[14px] text-base-default font-[400] leading-[22px] my-[8px]\" style=\"text-align: center;\"><\/div>\n<div class=\"text-[14px] text-base-default font-[400] leading-[22px] my-[8px]\" style=\"text-align: center;\"><strong>Dimens\u00f5es Caixa (CxLxA): 28 x 9 x 20 cm<\/strong><\/div>\n<div class=\"text-[14px] text-base-default font-[400] leading-[22px] my-[8px]\" style=\"text-align: center;\"><\/div>\n<div class=\"text-[14px] text-base-default font-[400] leading-[22px] my-[8px]\" style=\"text-align: center;\"><strong>*CORES ENVIADAS ALEATORIAMENTE*<\/strong><\/div>\n<div class=\"text-[14px] text-base-default font-[400] leading-[22px] my-[8px]\" style=\"text-align: center;\"><\/div>\n<div class=\"text-[14px] text-base-default font-[400] leading-[22px] my-[8px]\" style=\"text-align: center;\"><strong>*IMAGENS MERAMENTE ILUSTRATIVAS*<\/strong><\/div>\n<div class=\"text-[14px] text-base-default font-[400] leading-[22px] my-[8px]\" style=\"text-align: center;\"><\/div>\n<div class=\"text-[14px] text-base-default font-[400] leading-[22px] my-[8px]\" style=\"text-align: center;\"><strong>*ITENS A PRONTA ENTREGA*<\/strong><\/div>\n<div class=\"text-[14px] text-base-default font-[400] leading-[22px] my-[8px]\" style=\"text-align: center;\"><\/div>\n<div class=\"text-[14px] text-base-default font-[400] leading-[22px] my-[8px]\" style=\"text-align: center;\"><\/div>\n<\/blockquote>\n<\/div>","protected":false},"excerpt":{"rendered":"<p>FURADEIRA PARAFUSADEIRA DE IMPACTO SEM FIO A BATERIA 48V MALETA E ACESS\u00d3RIOS A furadeira a bateria de 48V \u00e9 uma<\/p>","protected":false},"featured_media":24953,"comment_status":"open","ping_status":"closed","template":"","meta":[],"product_brand":[],"product_cat":[22],"product_tag":[],"class_list":{"0":"post-24947","1":"product","2":"type-product","3":"status-publish","4":"has-post-thumbnail","6":"product_cat-moveis","8":"first","9":"instock","10":"sale","11":"shipping-taxable","12":"purchasable","13":"product-type-simple"},"_links":{"self":[{"href":"https:\/\/jdrmoveis.com.br\/en\/wp-json\/wp\/v2\/product\/24947","targetHints":{"allow":["GET"]}}],"collection":[{"href":"https:\/\/jdrmoveis.com.br\/en\/wp-json\/wp\/v2\/product"}],"about":[{"href":"https:\/\/jdrmoveis.com.br\/en\/wp-json\/wp\/v2\/types\/product"}],"replies":[{"embeddable":true,"href":"https:\/\/jdrmoveis.com.br\/en\/wp-json\/wp\/v2\/comments?post=24947"}],"version-history":[{"count":9,"href":"https:\/\/jdrmoveis.com.br\/en\/wp-json\/wp\/v2\/product\/24947\/revisions"}],"predecessor-version":[{"id":25375,"href":"https:\/\/jdrmoveis.com.br\/en\/wp-json\/wp\/v2\/product\/24947\/revisions\/25375"}],"wp:featuredmedia":[{"embeddable":true,"href":"https:\/\/jdrmoveis.com.br\/en\/wp-json\/wp\/v2\/media\/24953"}],"wp:attachment":[{"href":"https:\/\/jdrmoveis.com.br\/en\/wp-json\/wp\/v2\/media?parent=24947"}],"wp:term":[{"taxonomy":"product_brand","embeddable":true,"href":"https:\/\/jdrmoveis.com.br\/en\/wp-json\/wp\/v2\/product_brand?post=24947"},{"taxonomy":"product_cat","embeddable":true,"href":"https:\/\/jdrmoveis.com.br\/en\/wp-json\/wp\/v2\/product_cat?post=24947"},{"taxonomy":"product_tag","embeddable":true,"href":"https:\/\/jdrmoveis.com.br\/en\/wp-json\/wp\/v2\/product_tag?post=24947"}],"curies":[{"name":"wp","href":"https:\/\/api.w.org\/{rel}","templated":true}]}}