{"id":24757,"date":"2025-11-21T23:10:58","date_gmt":"2025-11-21T23:10:58","guid":{"rendered":"https:\/\/jdrmoveis.com.br\/?post_type=product&#038;p=24757"},"modified":"2025-12-16T22:40:07","modified_gmt":"2025-12-16T22:40:07","slug":"fogao-portatil-100-eletrico-brindes-panela-inox-premium-somente-hoje","status":"publish","type":"product","link":"https:\/\/jdrmoveis.com.br\/en\/product\/fogao-portatil-100-eletrico-brindes-panela-inox-premium-somente-hoje\/","title":{"rendered":"Fog\u00e3o Port\u00e1til 100% El\u00e9trico + BRINDES: Panela Inox Premium | SOMENTE HOJE!"},"content":{"rendered":"<p><img decoding=\"async\" src=\"https:\/\/cdn.shopify.com\/s\/files\/1\/0915\/3472\/1387\/files\/LP_evellar.webp?v=1747703343\" alt=\"\" \/><\/p>","protected":false},"excerpt":{"rendered":"","protected":false},"featured_media":25369,"comment_status":"open","ping_status":"closed","template":"","meta":[],"product_brand":[],"product_cat":[22],"product_tag":[],"class_list":{"0":"post-24757","1":"product","2":"type-product","3":"status-publish","4":"has-post-thumbnail","6":"product_cat-moveis","8":"first","9":"instock","10":"sale","11":"purchasable","12":"product-type-variable"},"_links":{"self":[{"href":"https:\/\/jdrmoveis.com.br\/en\/wp-json\/wp\/v2\/product\/24757","targetHints":{"allow":["GET"]}}],"collection":[{"href":"https:\/\/jdrmoveis.com.br\/en\/wp-json\/wp\/v2\/product"}],"about":[{"href":"https:\/\/jdrmoveis.com.br\/en\/wp-json\/wp\/v2\/types\/product"}],"replies":[{"embeddable":true,"href":"https:\/\/jdrmoveis.com.br\/en\/wp-json\/wp\/v2\/comments?post=24757"}],"version-history":[{"count":1,"href":"https:\/\/jdrmoveis.com.br\/en\/wp-json\/wp\/v2\/product\/24757\/revisions"}],"predecessor-version":[{"id":24886,"href":"https:\/\/jdrmoveis.com.br\/en\/wp-json\/wp\/v2\/product\/24757\/revisions\/24886"}],"wp:featuredmedia":[{"embeddable":true,"href":"https:\/\/jdrmoveis.com.br\/en\/wp-json\/wp\/v2\/media\/25369"}],"wp:attachment":[{"href":"https:\/\/jdrmoveis.com.br\/en\/wp-json\/wp\/v2\/media?parent=24757"}],"wp:term":[{"taxonomy":"product_brand","embeddable":true,"href":"https:\/\/jdrmoveis.com.br\/en\/wp-json\/wp\/v2\/product_brand?post=24757"},{"taxonomy":"product_cat","embeddable":true,"href":"https:\/\/jdrmoveis.com.br\/en\/wp-json\/wp\/v2\/product_cat?post=24757"},{"taxonomy":"product_tag","embeddable":true,"href":"https:\/\/jdrmoveis.com.br\/en\/wp-json\/wp\/v2\/product_tag?post=24757"}],"curies":[{"name":"wp","href":"https:\/\/api.w.org\/{rel}","templated":true}]}}