{"id":24638,"date":"2025-11-21T23:09:06","date_gmt":"2025-11-21T23:09:06","guid":{"rendered":"https:\/\/jdrmoveis.com.br\/?post_type=product&#038;p=24638"},"modified":"2025-12-16T22:39:15","modified_gmt":"2025-12-16T22:39:15","slug":"kit-autocar-3-em-1-macaco-eletrico-compressor-de-ar-e-chave-impacto-brinde-pistola-universal","status":"publish","type":"product","link":"https:\/\/jdrmoveis.com.br\/en\/product\/kit-autocar-3-em-1-macaco-eletrico-compressor-de-ar-e-chave-impacto-brinde-pistola-universal\/","title":{"rendered":"Kit AutoCar 3 em 1 &#8211; Macaco El\u00e9trico, Compressor de Ar e Chave Impacto + BRINDE: Pistola Universal"},"content":{"rendered":"<p><img decoding=\"async\" src=\"https:\/\/cdn.shopify.com\/s\/files\/1\/0915\/3472\/1387\/files\/Descricao_Atualizada_2.png?v=1761016259\" alt=\"\" \/><\/p>\n<h4 style=\"text-align: center;\" data-start=\"1387\" data-end=\"1422\"><strong data-start=\"1394\" data-end=\"1422\">ESPECIFICA\u00c7\u00d5ES T\u00c9CNICAS:<\/strong><\/h4>\n<ul data-start=\"1423\" data-end=\"2156\">\n<li data-start=\"1423\" data-end=\"1479\">\n<p data-start=\"1425\" data-end=\"1479\"><strong data-start=\"1425\" data-end=\"1436\">Tens\u00e3o:<\/strong> 12V de Alimenta\u00e7\u00e3o.<\/p>\n<\/li>\n<li data-start=\"1480\" data-end=\"1524\">\n<p data-start=\"1482\" data-end=\"1524\"><strong data-start=\"1482\" data-end=\"1506\">Capacidade de Carga:<\/strong> at\u00e9 5 Toneladas.<\/p>\n<\/li>\n<li data-start=\"1525\" data-end=\"1563\">\n<p data-start=\"1527\" data-end=\"1563\"><strong data-start=\"1527\" data-end=\"1550\">Altura de Eleva\u00e7\u00e3o:<\/strong> 12 a 45 Cm.<\/p>\n<\/li>\n<li data-start=\"1770\" data-end=\"1803\">\n<p data-start=\"1772\" data-end=\"1803\"><strong data-start=\"1772\" data-end=\"1794\">Peso Total do Kit:<\/strong> 4,5 Kg.<\/p>\n<\/li>\n<\/ul>\n<h4 style=\"text-align: center;\"><strong>O QUE VOC\u00ca VAI RECEBER:<\/strong><\/h4>\n<p style=\"text-align: left;\"><strong>1X <\/strong>Kit AutoCar 3 em 1.<\/p>","protected":false},"excerpt":{"rendered":"<p>ESPECIFICA\u00c7\u00d5ES T\u00c9CNICAS: Tens\u00e3o: 12V de Alimenta\u00e7\u00e3o. Capacidade de Carga: at\u00e9 5 Toneladas. Altura de Eleva\u00e7\u00e3o: 12 a 45 Cm. Peso<\/p>","protected":false},"featured_media":24637,"comment_status":"open","ping_status":"closed","template":"","meta":[],"product_brand":[],"product_cat":[22],"product_tag":[],"class_list":{"0":"post-24638","1":"product","2":"type-product","3":"status-publish","4":"has-post-thumbnail","6":"product_cat-moveis","8":"first","9":"instock","10":"sale","11":"featured","12":"purchasable","13":"product-type-simple"},"_links":{"self":[{"href":"https:\/\/jdrmoveis.com.br\/en\/wp-json\/wp\/v2\/product\/24638","targetHints":{"allow":["GET"]}}],"collection":[{"href":"https:\/\/jdrmoveis.com.br\/en\/wp-json\/wp\/v2\/product"}],"about":[{"href":"https:\/\/jdrmoveis.com.br\/en\/wp-json\/wp\/v2\/types\/product"}],"replies":[{"embeddable":true,"href":"https:\/\/jdrmoveis.com.br\/en\/wp-json\/wp\/v2\/comments?post=24638"}],"version-history":[{"count":1,"href":"https:\/\/jdrmoveis.com.br\/en\/wp-json\/wp\/v2\/product\/24638\/revisions"}],"predecessor-version":[{"id":24917,"href":"https:\/\/jdrmoveis.com.br\/en\/wp-json\/wp\/v2\/product\/24638\/revisions\/24917"}],"wp:featuredmedia":[{"embeddable":true,"href":"https:\/\/jdrmoveis.com.br\/en\/wp-json\/wp\/v2\/media\/24637"}],"wp:attachment":[{"href":"https:\/\/jdrmoveis.com.br\/en\/wp-json\/wp\/v2\/media?parent=24638"}],"wp:term":[{"taxonomy":"product_brand","embeddable":true,"href":"https:\/\/jdrmoveis.com.br\/en\/wp-json\/wp\/v2\/product_brand?post=24638"},{"taxonomy":"product_cat","embeddable":true,"href":"https:\/\/jdrmoveis.com.br\/en\/wp-json\/wp\/v2\/product_cat?post=24638"},{"taxonomy":"product_tag","embeddable":true,"href":"https:\/\/jdrmoveis.com.br\/en\/wp-json\/wp\/v2\/product_tag?post=24638"}],"curies":[{"name":"wp","href":"https:\/\/api.w.org\/{rel}","templated":true}]}}